{"id":110,"date":"2024-05-30T02:24:03","date_gmt":"2024-05-30T00:24:03","guid":{"rendered":"https:\/\/www.gasberohome.cz\/?page_id=110"},"modified":"2024-08-27T15:34:28","modified_gmt":"2024-08-27T13:34:28","slug":"kontakty","status":"publish","type":"page","link":"https:\/\/www.gasberohome.cz\/?page_id=110","title":{"rendered":"Kontakty"},"content":{"rendered":"\t\t<div data-elementor-type=\"wp-page\" data-elementor-id=\"110\" class=\"elementor elementor-110\" data-elementor-post-type=\"page\">\n\t\t\t\t<div class=\"elementor-element elementor-element-185c52ce e-con-full e-flex e-con e-parent\" data-id=\"185c52ce\" data-element_type=\"container\" data-settings=\"{&quot;background_background&quot;:&quot;classic&quot;}\">\n\t\t<div class=\"elementor-element elementor-element-1e6661b0 e-con-full e-flex e-con e-child\" data-id=\"1e6661b0\" data-element_type=\"container\">\n\t\t<div class=\"elementor-element elementor-element-44947875 e-con-full elementor-hidden-mobile e-flex e-con e-child\" data-id=\"44947875\" data-element_type=\"container\">\n\t\t\t\t<div class=\"elementor-element elementor-element-44d72b10 elementor-widget elementor-widget-image\" data-id=\"44d72b10\" data-element_type=\"widget\" data-widget_type=\"image.default\">\n\t\t\t\t<div class=\"elementor-widget-container\">\n\t\t\t\t\t\t\t\t\t\t\t\t\t\t\t<img decoding=\"async\" width=\"248\" height=\"88\" src=\"https:\/\/www.gasberohome.cz\/wp-content\/uploads\/2024\/05\/logo.svg\" class=\"attachment-large size-large wp-image-14\" alt=\"\" \/>\t\t\t\t\t\t\t\t\t\t\t\t\t\t\t<\/div>\n\t\t\t\t<\/div>\n\t\t\t\t<\/div>\n\t\t\t\t<\/div>\n\t\t\t\t<\/div>\n\t\t<div class=\"elementor-element elementor-element-78722cea e-flex e-con-boxed e-con e-parent\" data-id=\"78722cea\" data-element_type=\"container\" data-settings=\"{&quot;background_background&quot;:&quot;classic&quot;}\">\n\t\t\t\t\t<div class=\"e-con-inner\">\n\t\t\t\t<div class=\"elementor-element elementor-element-3dc084d7 elementor-widget elementor-widget-heading\" data-id=\"3dc084d7\" data-element_type=\"widget\" data-widget_type=\"heading.default\">\n\t\t\t\t<div class=\"elementor-widget-container\">\n\t\t\t\t\t<h2 class=\"elementor-heading-title elementor-size-default\">Kontakty<\/h2>\t\t\t\t<\/div>\n\t\t\t\t<\/div>\n\t\t\t\t\t<\/div>\n\t\t\t\t<\/div>\n\t\t<div class=\"elementor-element elementor-element-61a6a772 e-flex e-con-boxed e-con e-parent\" data-id=\"61a6a772\" data-element_type=\"container\">\n\t\t\t\t\t<div class=\"e-con-inner\">\n\t\t<div class=\"elementor-element elementor-element-1ecf6195 e-con-full e-flex e-con e-child\" data-id=\"1ecf6195\" data-element_type=\"container\">\n\t\t\t\t<div class=\"elementor-element elementor-element-3290ecc2 elementor-widget elementor-widget-image\" data-id=\"3290ecc2\" data-element_type=\"widget\" data-widget_type=\"image.default\">\n\t\t\t\t<div class=\"elementor-widget-container\">\n\t\t\t\t\t\t\t\t\t\t\t\t\t\t\t<img decoding=\"async\" width=\"248\" height=\"88\" src=\"https:\/\/www.gasberohome.cz\/wp-content\/uploads\/2024\/05\/logo.svg\" class=\"attachment-large size-large wp-image-14\" alt=\"\" \/>\t\t\t\t\t\t\t\t\t\t\t\t\t\t\t<\/div>\n\t\t\t\t<\/div>\n\t\t\t\t<div class=\"elementor-element elementor-element-e5a1464 elementor-widget elementor-widget-text-editor\" data-id=\"e5a1464\" data-element_type=\"widget\" data-widget_type=\"text-editor.default\">\n\t\t\t\t<div class=\"elementor-widget-container\">\n\t\t\t\t\t\t\t\t\t<p><strong>Gasbero Home<\/strong><\/p><p>Lannova 2061\/8 <br \/>110 00 PRAHA 1<\/p><p>I\u010cO: 25554042<\/p>\t\t\t\t\t\t\t\t<\/div>\n\t\t\t\t<\/div>\n\t\t\t\t<div class=\"elementor-element elementor-element-2984ee4 elementor-widget elementor-widget-text-editor\" data-id=\"2984ee4\" data-element_type=\"widget\" data-widget_type=\"text-editor.default\">\n\t\t\t\t<div class=\"elementor-widget-container\">\n\t\t\t\t\t\t\t\t\t<p><strong>Jan Kr\u016fti ml<\/strong> <br \/>jednatel spole\u010dnosti, n\u00e1kup, prodej, Investi\u010dn\u00ed mo\u017enosti<br \/>E-mail: gasberohome@gasberohome.cz<\/p>\t\t\t\t\t\t\t\t<\/div>\n\t\t\t\t<\/div>\n\t\t\t\t<div class=\"elementor-element elementor-element-7eb3e12 elementor-widget elementor-widget-text-editor\" data-id=\"7eb3e12\" data-element_type=\"widget\" data-widget_type=\"text-editor.default\">\n\t\t\t\t<div class=\"elementor-widget-container\">\n\t\t\t\t\t\t\t\t\t<p><strong>Ing. Kate\u0159ina Kyselicov\u00e1<\/strong><br \/>Pron\u00e1jem budov v zahrani\u010d\u00ed<br \/>E-mail pronajem@gasberohome.cz<\/p>\t\t\t\t\t\t\t\t<\/div>\n\t\t\t\t<\/div>\n\t\t\t\t<div class=\"elementor-element elementor-element-2ba53ff elementor-widget elementor-widget-text-editor\" data-id=\"2ba53ff\" data-element_type=\"widget\" data-widget_type=\"text-editor.default\">\n\t\t\t\t<div class=\"elementor-widget-container\">\n\t\t\t\t\t\t\t\t\t<p><strong>Mgr. Ji\u0159\u00ed Navr\u00e1til<\/strong><br \/>pr\u00e1vn\u00ed slu\u017eby spole\u010dnosti<br \/>E-mail: navratil@gasberohome.cz<\/p>\t\t\t\t\t\t\t\t<\/div>\n\t\t\t\t<\/div>\n\t\t\t\t<\/div>\n\t\t<div class=\"elementor-element elementor-element-162f3018 e-con-full e-flex e-con e-child\" data-id=\"162f3018\" data-element_type=\"container\">\n\t\t\t\t<div class=\"elementor-element elementor-element-78699215 elementor-button-align-stretch elementor-widget elementor-widget-global elementor-global-92 elementor-widget-form\" data-id=\"78699215\" data-element_type=\"widget\" data-settings=\"{&quot;step_next_label&quot;:&quot;Next&quot;,&quot;step_previous_label&quot;:&quot;Previous&quot;,&quot;button_width&quot;:&quot;100&quot;,&quot;step_type&quot;:&quot;number_text&quot;,&quot;step_icon_shape&quot;:&quot;circle&quot;}\" data-widget_type=\"form.default\">\n\t\t\t\t<div class=\"elementor-widget-container\">\n\t\t\t\t\t\t\t<form class=\"elementor-form\" method=\"post\" name=\"New Form\">\n\t\t\t<input type=\"hidden\" name=\"post_id\" value=\"110\"\/>\n\t\t\t<input type=\"hidden\" name=\"form_id\" value=\"78699215\"\/>\n\t\t\t<input type=\"hidden\" name=\"referer_title\" value=\"Gasbero home\" \/>\n\n\t\t\t\n\t\t\t<div class=\"elementor-form-fields-wrapper elementor-labels-above\">\n\t\t\t\t\t\t\t\t<div class=\"elementor-field-type-text elementor-field-group elementor-column elementor-field-group-name elementor-col-100\">\n\t\t\t\t\t\t\t\t\t\t\t\t<label for=\"form-field-name\" class=\"elementor-field-label\">\n\t\t\t\t\t\t\t\tJm\u00e9no\t\t\t\t\t\t\t<\/label>\n\t\t\t\t\t\t\t\t\t\t\t\t\t\t<input size=\"1\" type=\"text\" name=\"form_fields[name]\" id=\"form-field-name\" class=\"elementor-field elementor-size-sm  elementor-field-textual\">\n\t\t\t\t\t\t\t\t\t\t\t<\/div>\n\t\t\t\t\t\t\t\t<div class=\"elementor-field-type-text elementor-field-group elementor-column elementor-field-group-email elementor-col-100\">\n\t\t\t\t\t\t\t\t\t\t\t\t<label for=\"form-field-email\" class=\"elementor-field-label\">\n\t\t\t\t\t\t\t\tSpole\u010dnost\t\t\t\t\t\t\t<\/label>\n\t\t\t\t\t\t\t\t\t\t\t\t\t\t<input size=\"1\" type=\"text\" name=\"form_fields[email]\" id=\"form-field-email\" class=\"elementor-field elementor-size-sm  elementor-field-textual\">\n\t\t\t\t\t\t\t\t\t\t\t<\/div>\n\t\t\t\t\t\t\t\t<div class=\"elementor-field-type-email elementor-field-group elementor-column elementor-field-group-field_7aeb135 elementor-col-100 elementor-field-required\">\n\t\t\t\t\t\t\t\t\t\t\t\t<label for=\"form-field-field_7aeb135\" class=\"elementor-field-label\">\n\t\t\t\t\t\t\t\tEmail\t\t\t\t\t\t\t<\/label>\n\t\t\t\t\t\t\t\t\t\t\t\t\t\t<input size=\"1\" type=\"email\" name=\"form_fields[field_7aeb135]\" id=\"form-field-field_7aeb135\" class=\"elementor-field elementor-size-sm  elementor-field-textual\" required=\"required\">\n\t\t\t\t\t\t\t\t\t\t\t<\/div>\n\t\t\t\t\t\t\t\t<div class=\"elementor-field-type-textarea elementor-field-group elementor-column elementor-field-group-message elementor-col-100\">\n\t\t\t\t\t\t\t\t\t\t\t\t<label for=\"form-field-message\" class=\"elementor-field-label\">\n\t\t\t\t\t\t\t\tZpr\u00e1va\t\t\t\t\t\t\t<\/label>\n\t\t\t\t\t\t<textarea class=\"elementor-field-textual elementor-field  elementor-size-sm\" name=\"form_fields[message]\" id=\"form-field-message\" rows=\"4\"><\/textarea>\t\t\t\t<\/div>\n\t\t\t\t\t\t\t\t<div class=\"elementor-field-group elementor-column elementor-field-type-submit elementor-col-100 e-form__buttons\">\n\t\t\t\t\t<button class=\"elementor-button elementor-size-sm\" type=\"submit\">\n\t\t\t\t\t\t<span class=\"elementor-button-content-wrapper\">\n\t\t\t\t\t\t\t\t\t\t\t\t\t\t\t\t\t\t\t\t\t\t<span class=\"elementor-button-text\">Odeslat<\/span>\n\t\t\t\t\t\t\t\t\t\t\t\t\t<\/span>\n\t\t\t\t\t<\/button>\n\t\t\t\t<\/div>\n\t\t\t<\/div>\n\t\t<\/form>\n\t\t\t\t\t\t<\/div>\n\t\t\t\t<\/div>\n\t\t\t\t<\/div>\n\t\t\t\t\t<\/div>\n\t\t\t\t<\/div>\n\t\t\t\t<\/div>\n\t\t","protected":false},"excerpt":{"rendered":"<p>Kontakty Gasbero Home Lannova 2061\/8 110 00 PRAHA 1 I\u010cO: 25554042 Jan Kr\u016fti ml jednatel spole\u010dnosti, n\u00e1kup, prodej, Investi\u010dn\u00ed mo\u017enostiE-mail: gasberohome@gasberohome.cz Ing. Kate\u0159ina Kyselicov\u00e1Pron\u00e1jem budov v zahrani\u010d\u00edE-mail pronajem@gasberohome.cz Mgr. Ji\u0159\u00ed Navr\u00e1tilpr\u00e1vn\u00ed slu\u017eby spole\u010dnostiE-mail: navratil@gasberohome.cz<\/p>\n","protected":false},"author":1,"featured_media":0,"parent":0,"menu_order":0,"comment_status":"closed","ping_status":"closed","template":"elementor_header_footer","meta":{"_monsterinsights_skip_tracking":false,"_monsterinsights_sitenote_active":false,"_monsterinsights_sitenote_note":"","_monsterinsights_sitenote_category":0,"footnotes":""},"class_list":["post-110","page","type-page","status-publish","hentry"],"yoast_head":"<!-- This site is optimized with the Yoast SEO plugin v26.8 - https:\/\/yoast.com\/product\/yoast-seo-wordpress\/ -->\n<title>Kontakty - Gasbero home<\/title>\n<meta name=\"robots\" content=\"index, follow, max-snippet:-1, max-image-preview:large, max-video-preview:-1\" \/>\n<link rel=\"canonical\" href=\"https:\/\/www.gasberohome.cz\/?page_id=110\" \/>\n<meta property=\"og:locale\" content=\"cs_CZ\" \/>\n<meta property=\"og:type\" content=\"article\" \/>\n<meta property=\"og:title\" content=\"Kontakty - Gasbero home\" \/>\n<meta property=\"og:description\" content=\"Kontakty Gasbero Home Lannova 2061\/8 110 00 PRAHA 1 I\u010cO: 25554042 Jan Kr\u016fti ml jednatel spole\u010dnosti, n\u00e1kup, prodej, Investi\u010dn\u00ed mo\u017enostiE-mail: gasberohome@gasberohome.cz Ing. Kate\u0159ina Kyselicov\u00e1Pron\u00e1jem budov v zahrani\u010d\u00edE-mail pronajem@gasberohome.cz Mgr. Ji\u0159\u00ed Navr\u00e1tilpr\u00e1vn\u00ed slu\u017eby spole\u010dnostiE-mail: navratil@gasberohome.cz\" \/>\n<meta property=\"og:url\" content=\"https:\/\/www.gasberohome.cz\/?page_id=110\" \/>\n<meta property=\"og:site_name\" content=\"Gasbero home\" \/>\n<meta property=\"article:modified_time\" content=\"2024-08-27T13:34:28+00:00\" \/>\n<meta property=\"og:image\" content=\"https:\/\/www.gasberohome.cz\/wp-content\/uploads\/2024\/05\/logo.svg\" \/>\n<meta name=\"twitter:card\" content=\"summary_large_image\" \/>\n<meta name=\"twitter:label1\" content=\"Odhadovan\u00e1 doba \u010dten\u00ed\" \/>\n\t<meta name=\"twitter:data1\" content=\"1 minuta\" \/>\n<script type=\"application\/ld+json\" class=\"yoast-schema-graph\">{\"@context\":\"https:\/\/schema.org\",\"@graph\":[{\"@type\":\"WebPage\",\"@id\":\"https:\/\/www.gasberohome.cz\/?page_id=110\",\"url\":\"https:\/\/www.gasberohome.cz\/?page_id=110\",\"name\":\"Kontakty - Gasbero home\",\"isPartOf\":{\"@id\":\"https:\/\/www.gasberohome.cz\/#website\"},\"primaryImageOfPage\":{\"@id\":\"https:\/\/www.gasberohome.cz\/?page_id=110#primaryimage\"},\"image\":{\"@id\":\"https:\/\/www.gasberohome.cz\/?page_id=110#primaryimage\"},\"thumbnailUrl\":\"https:\/\/www.gasberohome.cz\/wp-content\/uploads\/2024\/05\/logo.svg\",\"datePublished\":\"2024-05-30T00:24:03+00:00\",\"dateModified\":\"2024-08-27T13:34:28+00:00\",\"breadcrumb\":{\"@id\":\"https:\/\/www.gasberohome.cz\/?page_id=110#breadcrumb\"},\"inLanguage\":\"cs\",\"potentialAction\":[{\"@type\":\"ReadAction\",\"target\":[\"https:\/\/www.gasberohome.cz\/?page_id=110\"]}]},{\"@type\":\"ImageObject\",\"inLanguage\":\"cs\",\"@id\":\"https:\/\/www.gasberohome.cz\/?page_id=110#primaryimage\",\"url\":\"https:\/\/www.gasberohome.cz\/wp-content\/uploads\/2024\/05\/logo.svg\",\"contentUrl\":\"https:\/\/www.gasberohome.cz\/wp-content\/uploads\/2024\/05\/logo.svg\",\"width\":248,\"height\":88},{\"@type\":\"BreadcrumbList\",\"@id\":\"https:\/\/www.gasberohome.cz\/?page_id=110#breadcrumb\",\"itemListElement\":[{\"@type\":\"ListItem\",\"position\":1,\"name\":\"Home\",\"item\":\"https:\/\/www.gasberohome.cz\/\"},{\"@type\":\"ListItem\",\"position\":2,\"name\":\"Kontakty\"}]},{\"@type\":\"WebSite\",\"@id\":\"https:\/\/www.gasberohome.cz\/#website\",\"url\":\"https:\/\/www.gasberohome.cz\/\",\"name\":\"Gasbero home\",\"description\":\"\",\"publisher\":{\"@id\":\"https:\/\/www.gasberohome.cz\/#organization\"},\"potentialAction\":[{\"@type\":\"SearchAction\",\"target\":{\"@type\":\"EntryPoint\",\"urlTemplate\":\"https:\/\/www.gasberohome.cz\/?s={search_term_string}\"},\"query-input\":{\"@type\":\"PropertyValueSpecification\",\"valueRequired\":true,\"valueName\":\"search_term_string\"}}],\"inLanguage\":\"cs\"},{\"@type\":\"Organization\",\"@id\":\"https:\/\/www.gasberohome.cz\/#organization\",\"name\":\"Gasbero home\",\"url\":\"https:\/\/www.gasberohome.cz\/\",\"logo\":{\"@type\":\"ImageObject\",\"inLanguage\":\"cs\",\"@id\":\"https:\/\/www.gasberohome.cz\/#\/schema\/logo\/image\/\",\"url\":\"https:\/\/www.gasberohome.cz\/wp-content\/uploads\/2024\/05\/logo.svg\",\"contentUrl\":\"https:\/\/www.gasberohome.cz\/wp-content\/uploads\/2024\/05\/logo.svg\",\"width\":248,\"height\":88,\"caption\":\"Gasbero home\"},\"image\":{\"@id\":\"https:\/\/www.gasberohome.cz\/#\/schema\/logo\/image\/\"}}]}<\/script>\n<!-- \/ Yoast SEO plugin. -->","yoast_head_json":{"title":"Kontakty - Gasbero home","robots":{"index":"index","follow":"follow","max-snippet":"max-snippet:-1","max-image-preview":"max-image-preview:large","max-video-preview":"max-video-preview:-1"},"canonical":"https:\/\/www.gasberohome.cz\/?page_id=110","og_locale":"cs_CZ","og_type":"article","og_title":"Kontakty - Gasbero home","og_description":"Kontakty Gasbero Home Lannova 2061\/8 110 00 PRAHA 1 I\u010cO: 25554042 Jan Kr\u016fti ml jednatel spole\u010dnosti, n\u00e1kup, prodej, Investi\u010dn\u00ed mo\u017enostiE-mail: gasberohome@gasberohome.cz Ing. Kate\u0159ina Kyselicov\u00e1Pron\u00e1jem budov v zahrani\u010d\u00edE-mail pronajem@gasberohome.cz Mgr. Ji\u0159\u00ed Navr\u00e1tilpr\u00e1vn\u00ed slu\u017eby spole\u010dnostiE-mail: navratil@gasberohome.cz","og_url":"https:\/\/www.gasberohome.cz\/?page_id=110","og_site_name":"Gasbero home","article_modified_time":"2024-08-27T13:34:28+00:00","og_image":[{"url":"https:\/\/www.gasberohome.cz\/wp-content\/uploads\/2024\/05\/logo.svg","type":"","width":"","height":""}],"twitter_card":"summary_large_image","twitter_misc":{"Odhadovan\u00e1 doba \u010dten\u00ed":"1 minuta"},"schema":{"@context":"https:\/\/schema.org","@graph":[{"@type":"WebPage","@id":"https:\/\/www.gasberohome.cz\/?page_id=110","url":"https:\/\/www.gasberohome.cz\/?page_id=110","name":"Kontakty - Gasbero home","isPartOf":{"@id":"https:\/\/www.gasberohome.cz\/#website"},"primaryImageOfPage":{"@id":"https:\/\/www.gasberohome.cz\/?page_id=110#primaryimage"},"image":{"@id":"https:\/\/www.gasberohome.cz\/?page_id=110#primaryimage"},"thumbnailUrl":"https:\/\/www.gasberohome.cz\/wp-content\/uploads\/2024\/05\/logo.svg","datePublished":"2024-05-30T00:24:03+00:00","dateModified":"2024-08-27T13:34:28+00:00","breadcrumb":{"@id":"https:\/\/www.gasberohome.cz\/?page_id=110#breadcrumb"},"inLanguage":"cs","potentialAction":[{"@type":"ReadAction","target":["https:\/\/www.gasberohome.cz\/?page_id=110"]}]},{"@type":"ImageObject","inLanguage":"cs","@id":"https:\/\/www.gasberohome.cz\/?page_id=110#primaryimage","url":"https:\/\/www.gasberohome.cz\/wp-content\/uploads\/2024\/05\/logo.svg","contentUrl":"https:\/\/www.gasberohome.cz\/wp-content\/uploads\/2024\/05\/logo.svg","width":248,"height":88},{"@type":"BreadcrumbList","@id":"https:\/\/www.gasberohome.cz\/?page_id=110#breadcrumb","itemListElement":[{"@type":"ListItem","position":1,"name":"Home","item":"https:\/\/www.gasberohome.cz\/"},{"@type":"ListItem","position":2,"name":"Kontakty"}]},{"@type":"WebSite","@id":"https:\/\/www.gasberohome.cz\/#website","url":"https:\/\/www.gasberohome.cz\/","name":"Gasbero home","description":"","publisher":{"@id":"https:\/\/www.gasberohome.cz\/#organization"},"potentialAction":[{"@type":"SearchAction","target":{"@type":"EntryPoint","urlTemplate":"https:\/\/www.gasberohome.cz\/?s={search_term_string}"},"query-input":{"@type":"PropertyValueSpecification","valueRequired":true,"valueName":"search_term_string"}}],"inLanguage":"cs"},{"@type":"Organization","@id":"https:\/\/www.gasberohome.cz\/#organization","name":"Gasbero home","url":"https:\/\/www.gasberohome.cz\/","logo":{"@type":"ImageObject","inLanguage":"cs","@id":"https:\/\/www.gasberohome.cz\/#\/schema\/logo\/image\/","url":"https:\/\/www.gasberohome.cz\/wp-content\/uploads\/2024\/05\/logo.svg","contentUrl":"https:\/\/www.gasberohome.cz\/wp-content\/uploads\/2024\/05\/logo.svg","width":248,"height":88,"caption":"Gasbero home"},"image":{"@id":"https:\/\/www.gasberohome.cz\/#\/schema\/logo\/image\/"}}]}},"_links":{"self":[{"href":"https:\/\/www.gasberohome.cz\/index.php?rest_route=\/wp\/v2\/pages\/110","targetHints":{"allow":["GET"]}}],"collection":[{"href":"https:\/\/www.gasberohome.cz\/index.php?rest_route=\/wp\/v2\/pages"}],"about":[{"href":"https:\/\/www.gasberohome.cz\/index.php?rest_route=\/wp\/v2\/types\/page"}],"author":[{"embeddable":true,"href":"https:\/\/www.gasberohome.cz\/index.php?rest_route=\/wp\/v2\/users\/1"}],"replies":[{"embeddable":true,"href":"https:\/\/www.gasberohome.cz\/index.php?rest_route=%2Fwp%2Fv2%2Fcomments&post=110"}],"version-history":[{"count":6,"href":"https:\/\/www.gasberohome.cz\/index.php?rest_route=\/wp\/v2\/pages\/110\/revisions"}],"predecessor-version":[{"id":412,"href":"https:\/\/www.gasberohome.cz\/index.php?rest_route=\/wp\/v2\/pages\/110\/revisions\/412"}],"wp:attachment":[{"href":"https:\/\/www.gasberohome.cz\/index.php?rest_route=%2Fwp%2Fv2%2Fmedia&parent=110"}],"curies":[{"name":"wp","href":"https:\/\/api.w.org\/{rel}","templated":true}]}}