{"id":149,"date":"2024-05-30T09:48:31","date_gmt":"2024-05-30T07:48:31","guid":{"rendered":"https:\/\/www.gasberohome.cz\/?page_id=149"},"modified":"2026-01-28T17:49:14","modified_gmt":"2026-01-28T16:49:14","slug":"v-realizaci","status":"publish","type":"page","link":"https:\/\/www.gasberohome.cz\/?page_id=149","title":{"rendered":"V Realizaci"},"content":{"rendered":"\t\t<div data-elementor-type=\"wp-page\" data-elementor-id=\"149\" class=\"elementor elementor-149\" data-elementor-post-type=\"page\">\n\t\t\t\t<div class=\"elementor-element elementor-element-3402054e e-con-full e-flex e-con e-parent\" data-id=\"3402054e\" data-element_type=\"container\" data-settings=\"{&quot;background_background&quot;:&quot;classic&quot;}\">\n\t\t<div class=\"elementor-element elementor-element-62207ff5 e-con-full e-flex e-con e-child\" data-id=\"62207ff5\" data-element_type=\"container\">\n\t\t<div class=\"elementor-element elementor-element-92c593a e-con-full elementor-hidden-mobile e-flex e-con e-child\" data-id=\"92c593a\" data-element_type=\"container\">\n\t\t\t\t<div class=\"elementor-element elementor-element-6b0389b6 elementor-widget elementor-widget-image\" data-id=\"6b0389b6\" data-element_type=\"widget\" data-widget_type=\"image.default\">\n\t\t\t\t<div class=\"elementor-widget-container\">\n\t\t\t\t\t\t\t\t\t\t\t\t\t\t\t<img decoding=\"async\" width=\"248\" height=\"88\" src=\"https:\/\/www.gasberohome.cz\/wp-content\/uploads\/2024\/05\/logo.svg\" class=\"attachment-large size-large wp-image-14\" alt=\"\" \/>\t\t\t\t\t\t\t\t\t\t\t\t\t\t\t<\/div>\n\t\t\t\t<\/div>\n\t\t\t\t<\/div>\n\t\t\t\t<\/div>\n\t\t\t\t<\/div>\n\t\t<div class=\"elementor-element elementor-element-790db01 e-flex e-con-boxed e-con e-parent\" data-id=\"790db01\" data-element_type=\"container\" data-settings=\"{&quot;background_background&quot;:&quot;classic&quot;}\">\n\t\t\t\t\t<div class=\"e-con-inner\">\n\t\t\t\t<div class=\"elementor-element elementor-element-83dfd70 elementor-widget elementor-widget-heading\" data-id=\"83dfd70\" data-element_type=\"widget\" data-widget_type=\"heading.default\">\n\t\t\t\t<div class=\"elementor-widget-container\">\n\t\t\t\t\t<h2 class=\"elementor-heading-title elementor-size-default\">V realizaci<\/h2>\t\t\t\t<\/div>\n\t\t\t\t<\/div>\n\t\t\t\t\t<\/div>\n\t\t\t\t<\/div>\n\t\t<div class=\"elementor-element elementor-element-57200128 e-flex e-con-boxed e-con e-parent\" data-id=\"57200128\" data-element_type=\"container\" data-settings=\"{&quot;background_background&quot;:&quot;classic&quot;}\">\n\t\t\t\t\t<div class=\"e-con-inner\">\n\t\t<div class=\"elementor-element elementor-element-226502d8 e-flex e-con-boxed e-con e-child\" data-id=\"226502d8\" data-element_type=\"container\">\n\t\t\t\t\t<div class=\"e-con-inner\">\n\t\t\t\t<div class=\"elementor-element elementor-element-73be0df5 elementor-grid-3 elementor-grid-tablet-2 elementor-grid-mobile-1 elementor-posts--thumbnail-top elementor-card-shadow-yes elementor-posts__hover-gradient elementor-widget elementor-widget-posts\" data-id=\"73be0df5\" data-element_type=\"widget\" data-settings=\"{&quot;cards_columns&quot;:&quot;3&quot;,&quot;cards_columns_tablet&quot;:&quot;2&quot;,&quot;cards_columns_mobile&quot;:&quot;1&quot;,&quot;cards_row_gap&quot;:{&quot;unit&quot;:&quot;px&quot;,&quot;size&quot;:35,&quot;sizes&quot;:[]},&quot;cards_row_gap_tablet&quot;:{&quot;unit&quot;:&quot;px&quot;,&quot;size&quot;:&quot;&quot;,&quot;sizes&quot;:[]},&quot;cards_row_gap_mobile&quot;:{&quot;unit&quot;:&quot;px&quot;,&quot;size&quot;:&quot;&quot;,&quot;sizes&quot;:[]}}\" data-widget_type=\"posts.cards\">\n\t\t\t\t<div class=\"elementor-widget-container\">\n\t\t\t\t\t\t\t<div class=\"elementor-posts-container elementor-posts elementor-posts--skin-cards elementor-grid\">\n\t\t\t\t<article class=\"elementor-post elementor-grid-item post-493 post type-post status-publish format-standard has-post-thumbnail hentry category-v-realizaci\">\n\t\t\t<div class=\"elementor-post__card\">\n\t\t\t\t<a class=\"elementor-post__thumbnail__link\" href=\"https:\/\/www.gasberohome.cz\/?p=493\" tabindex=\"-1\" ><div class=\"elementor-post__thumbnail\"><img fetchpriority=\"high\" decoding=\"async\" width=\"800\" height=\"450\" src=\"https:\/\/www.gasberohome.cz\/wp-content\/uploads\/2026\/01\/stredni-kancelar-dostupnost-1024x576.webp\" class=\"attachment-large size-large wp-image-496\" alt=\"\" srcset=\"https:\/\/www.gasberohome.cz\/wp-content\/uploads\/2026\/01\/stredni-kancelar-dostupnost-1024x576.webp 1024w, https:\/\/www.gasberohome.cz\/wp-content\/uploads\/2026\/01\/stredni-kancelar-dostupnost-300x169.webp 300w, https:\/\/www.gasberohome.cz\/wp-content\/uploads\/2026\/01\/stredni-kancelar-dostupnost-768x432.webp 768w, https:\/\/www.gasberohome.cz\/wp-content\/uploads\/2026\/01\/stredni-kancelar-dostupnost-1536x864.webp 1536w, https:\/\/www.gasberohome.cz\/wp-content\/uploads\/2026\/01\/stredni-kancelar-dostupnost-2048x1152.webp 2048w\" sizes=\"(max-width: 800px) 100vw, 800px\" \/><\/div><\/a>\n\t\t\t\t<div class=\"elementor-post__text\">\n\t\t\t\t<h3 class=\"elementor-post__title\">\n\t\t\t<a href=\"https:\/\/www.gasberohome.cz\/?p=493\" >\n\t\t\t\tCukrovar Olomouc\t\t\t<\/a>\n\t\t<\/h3>\n\t\t\t\t<div class=\"elementor-post__excerpt\">\n\t\t\t<p>Cukrovar Olomouc Na\u0161e spole\u010dnost v r\u00e1mci tohoto jedine\u010dn\u00e9ho projektu zakoupila\u00a0 t\u0159\u00ed kancel\u00e1\u0159sk\u00e9 jednotky a jeden komer\u010dn\u00ed prostor za \u00fa\u010delem dlouhodob\u00e9ho<\/p>\n\t\t<\/div>\n\t\t\n\t\t<a class=\"elementor-post__read-more\" href=\"https:\/\/www.gasberohome.cz\/?p=493\" aria-label=\"Read more about Cukrovar Olomouc\" tabindex=\"-1\" >\n\t\t\tV\u00edce informac\u00ed\t\t<\/a>\n\n\t\t\t\t<\/div>\n\t\t\t\t\t<\/div>\n\t\t<\/article>\n\t\t\t\t<article class=\"elementor-post elementor-grid-item post-427 post type-post status-publish format-standard has-post-thumbnail hentry category-v-realizaci\">\n\t\t\t<div class=\"elementor-post__card\">\n\t\t\t\t<a class=\"elementor-post__thumbnail__link\" href=\"https:\/\/www.gasberohome.cz\/?p=427\" tabindex=\"-1\" ><div class=\"elementor-post__thumbnail\"><img decoding=\"async\" width=\"800\" height=\"571\" src=\"https:\/\/www.gasberohome.cz\/wp-content\/uploads\/2025\/05\/Drage_Zadarska_82-1-1024x731.jpg\" class=\"attachment-large size-large wp-image-419\" alt=\"\" srcset=\"https:\/\/www.gasberohome.cz\/wp-content\/uploads\/2025\/05\/Drage_Zadarska_82-1-1024x731.jpg 1024w, https:\/\/www.gasberohome.cz\/wp-content\/uploads\/2025\/05\/Drage_Zadarska_82-1-300x214.jpg 300w, https:\/\/www.gasberohome.cz\/wp-content\/uploads\/2025\/05\/Drage_Zadarska_82-1-768x548.jpg 768w, https:\/\/www.gasberohome.cz\/wp-content\/uploads\/2025\/05\/Drage_Zadarska_82-1.jpg 1200w\" sizes=\"(max-width: 800px) 100vw, 800px\" \/><\/div><\/a>\n\t\t\t\t<div class=\"elementor-post__text\">\n\t\t\t\t<h3 class=\"elementor-post__title\">\n\t\t\t<a href=\"https:\/\/www.gasberohome.cz\/?p=427\" >\n\t\t\t\tResidence Zadarska\t\t\t<\/a>\n\t\t<\/h3>\n\t\t\t\t<div class=\"elementor-post__excerpt\">\n\t\t\t<p>Tento projekt jsme se rozhodli realizovat d\u00edky na\u0161\u00ed velmi dobr\u00e9 znalosti oblasti Dalm\u00e1cie, kde ji\u017e \u00fasp\u011b\u0161n\u011b provozujeme pron\u00e1jem vlastn\u00edch apartm\u00e1n\u016f<\/p>\n\t\t<\/div>\n\t\t\n\t\t<a class=\"elementor-post__read-more\" href=\"https:\/\/www.gasberohome.cz\/?p=427\" aria-label=\"Read more about Residence Zadarska\" tabindex=\"-1\" >\n\t\t\tV\u00edce informac\u00ed\t\t<\/a>\n\n\t\t\t\t<\/div>\n\t\t\t\t\t<\/div>\n\t\t<\/article>\n\t\t\t\t<article class=\"elementor-post elementor-grid-item post-225 post type-post status-publish format-standard has-post-thumbnail hentry category-v-realizaci\">\n\t\t\t<div class=\"elementor-post__card\">\n\t\t\t\t<a class=\"elementor-post__thumbnail__link\" href=\"https:\/\/www.gasberohome.cz\/?p=225\" tabindex=\"-1\" ><div class=\"elementor-post__thumbnail\"><img loading=\"lazy\" decoding=\"async\" width=\"800\" height=\"545\" src=\"https:\/\/www.gasberohome.cz\/wp-content\/uploads\/2024\/05\/Chata-Vinec-1024x698.jpg\" class=\"attachment-large size-large wp-image-226\" alt=\"\" srcset=\"https:\/\/www.gasberohome.cz\/wp-content\/uploads\/2024\/05\/Chata-Vinec-1024x698.jpg 1024w, https:\/\/www.gasberohome.cz\/wp-content\/uploads\/2024\/05\/Chata-Vinec-300x204.jpg 300w, https:\/\/www.gasberohome.cz\/wp-content\/uploads\/2024\/05\/Chata-Vinec-768x524.jpg 768w, https:\/\/www.gasberohome.cz\/wp-content\/uploads\/2024\/05\/Chata-Vinec.jpg 1467w\" sizes=\"(max-width: 800px) 100vw, 800px\" \/><\/div><\/a>\n\t\t\t\t<div class=\"elementor-post__text\">\n\t\t\t\t<h3 class=\"elementor-post__title\">\n\t\t\t<a href=\"https:\/\/www.gasberohome.cz\/?p=225\" >\n\t\t\t\tChata Vinec\t\t\t<\/a>\n\t\t<\/h3>\n\t\t\t\t<div class=\"elementor-post__excerpt\">\n\t\t\t<p>Chata Vinec Tento projekt rekrea\u010dn\u00edho objektu v samotn\u00e9m m\u011bst\u011b Brn\u011b a p\u0159i tom v p\u0159\u00edrod\u011b a s \u00fachvatn\u00fdm v\u00fdhledem na<\/p>\n\t\t<\/div>\n\t\t\n\t\t<a class=\"elementor-post__read-more\" href=\"https:\/\/www.gasberohome.cz\/?p=225\" aria-label=\"Read more about Chata Vinec\" tabindex=\"-1\" >\n\t\t\tV\u00edce informac\u00ed\t\t<\/a>\n\n\t\t\t\t<\/div>\n\t\t\t\t\t<\/div>\n\t\t<\/article>\n\t\t\t\t<\/div>\n\t\t\n\t\t\t\t\t\t<\/div>\n\t\t\t\t<\/div>\n\t\t\t\t\t<\/div>\n\t\t\t\t<\/div>\n\t\t\t\t\t<\/div>\n\t\t\t\t<\/div>\n\t\t<div class=\"elementor-element elementor-element-7722614 e-flex e-con-boxed e-con e-parent\" data-id=\"7722614\" data-element_type=\"container\">\n\t\t\t\t\t<div class=\"e-con-inner\">\n\t\t\t\t<div class=\"elementor-element elementor-element-999aaac elementor-widget elementor-widget-global elementor-global-180 elementor-widget-heading\" data-id=\"999aaac\" data-element_type=\"widget\" data-widget_type=\"heading.default\">\n\t\t\t\t<div class=\"elementor-widget-container\">\n\t\t\t\t\t<h2 class=\"elementor-heading-title elementor-size-default\">Pro informace n\u00e1s kontaktujte<\/h2>\t\t\t\t<\/div>\n\t\t\t\t<\/div>\n\t\t\t\t\t<\/div>\n\t\t\t\t<\/div>\n\t\t<div class=\"elementor-element elementor-element-6208de24 e-flex e-con-boxed e-con e-parent\" data-id=\"6208de24\" data-element_type=\"container\">\n\t\t\t\t\t<div class=\"e-con-inner\">\n\t\t<div class=\"elementor-element elementor-element-4e8cc651 e-con-full e-flex e-con e-child\" data-id=\"4e8cc651\" data-element_type=\"container\">\n\t\t\t\t<div class=\"elementor-element elementor-element-79538acc elementor-widget elementor-widget-image\" data-id=\"79538acc\" data-element_type=\"widget\" data-widget_type=\"image.default\">\n\t\t\t\t<div class=\"elementor-widget-container\">\n\t\t\t\t\t\t\t\t\t\t\t\t\t\t\t<img decoding=\"async\" width=\"248\" height=\"88\" src=\"https:\/\/www.gasberohome.cz\/wp-content\/uploads\/2024\/05\/logo.svg\" class=\"attachment-large size-large wp-image-14\" alt=\"\" \/>\t\t\t\t\t\t\t\t\t\t\t\t\t\t\t<\/div>\n\t\t\t\t<\/div>\n\t\t\t\t<div class=\"elementor-element elementor-element-793d230e elementor-widget elementor-widget-text-editor\" data-id=\"793d230e\" data-element_type=\"widget\" data-widget_type=\"text-editor.default\">\n\t\t\t\t<div class=\"elementor-widget-container\">\n\t\t\t\t\t\t\t\t\t<p class=\"p1\">gasberohome@gasberohome.cz<\/p>\t\t\t\t\t\t\t\t<\/div>\n\t\t\t\t<\/div>\n\t\t\t\t<\/div>\n\t\t<div class=\"elementor-element elementor-element-466018d2 e-con-full e-flex e-con e-child\" data-id=\"466018d2\" data-element_type=\"container\">\n\t\t\t\t<div class=\"elementor-element elementor-element-2cd932d0 elementor-button-align-stretch elementor-widget elementor-widget-global elementor-global-92 elementor-widget-form\" data-id=\"2cd932d0\" data-element_type=\"widget\" data-settings=\"{&quot;step_next_label&quot;:&quot;Next&quot;,&quot;step_previous_label&quot;:&quot;Previous&quot;,&quot;button_width&quot;:&quot;100&quot;,&quot;step_type&quot;:&quot;number_text&quot;,&quot;step_icon_shape&quot;:&quot;circle&quot;}\" data-widget_type=\"form.default\">\n\t\t\t\t<div class=\"elementor-widget-container\">\n\t\t\t\t\t\t\t<form class=\"elementor-form\" method=\"post\" name=\"New Form\">\n\t\t\t<input type=\"hidden\" name=\"post_id\" value=\"149\"\/>\n\t\t\t<input type=\"hidden\" name=\"form_id\" value=\"2cd932d0\"\/>\n\t\t\t<input type=\"hidden\" name=\"referer_title\" value=\"Gasbero home\" \/>\n\n\t\t\t\n\t\t\t<div class=\"elementor-form-fields-wrapper elementor-labels-above\">\n\t\t\t\t\t\t\t\t<div class=\"elementor-field-type-text elementor-field-group elementor-column elementor-field-group-name elementor-col-100\">\n\t\t\t\t\t\t\t\t\t\t\t\t<label for=\"form-field-name\" class=\"elementor-field-label\">\n\t\t\t\t\t\t\t\tJm\u00e9no\t\t\t\t\t\t\t<\/label>\n\t\t\t\t\t\t\t\t\t\t\t\t\t\t<input size=\"1\" type=\"text\" name=\"form_fields[name]\" id=\"form-field-name\" class=\"elementor-field elementor-size-sm  elementor-field-textual\">\n\t\t\t\t\t\t\t\t\t\t\t<\/div>\n\t\t\t\t\t\t\t\t<div class=\"elementor-field-type-text elementor-field-group elementor-column elementor-field-group-email elementor-col-100\">\n\t\t\t\t\t\t\t\t\t\t\t\t<label for=\"form-field-email\" class=\"elementor-field-label\">\n\t\t\t\t\t\t\t\tSpole\u010dnost\t\t\t\t\t\t\t<\/label>\n\t\t\t\t\t\t\t\t\t\t\t\t\t\t<input size=\"1\" type=\"text\" name=\"form_fields[email]\" id=\"form-field-email\" class=\"elementor-field elementor-size-sm  elementor-field-textual\">\n\t\t\t\t\t\t\t\t\t\t\t<\/div>\n\t\t\t\t\t\t\t\t<div class=\"elementor-field-type-email elementor-field-group elementor-column elementor-field-group-field_7aeb135 elementor-col-100 elementor-field-required\">\n\t\t\t\t\t\t\t\t\t\t\t\t<label for=\"form-field-field_7aeb135\" class=\"elementor-field-label\">\n\t\t\t\t\t\t\t\tEmail\t\t\t\t\t\t\t<\/label>\n\t\t\t\t\t\t\t\t\t\t\t\t\t\t<input size=\"1\" type=\"email\" name=\"form_fields[field_7aeb135]\" id=\"form-field-field_7aeb135\" class=\"elementor-field elementor-size-sm  elementor-field-textual\" required=\"required\">\n\t\t\t\t\t\t\t\t\t\t\t<\/div>\n\t\t\t\t\t\t\t\t<div class=\"elementor-field-type-textarea elementor-field-group elementor-column elementor-field-group-message elementor-col-100\">\n\t\t\t\t\t\t\t\t\t\t\t\t<label for=\"form-field-message\" class=\"elementor-field-label\">\n\t\t\t\t\t\t\t\tZpr\u00e1va\t\t\t\t\t\t\t<\/label>\n\t\t\t\t\t\t<textarea class=\"elementor-field-textual elementor-field  elementor-size-sm\" name=\"form_fields[message]\" id=\"form-field-message\" rows=\"4\"><\/textarea>\t\t\t\t<\/div>\n\t\t\t\t\t\t\t\t<div class=\"elementor-field-group elementor-column elementor-field-type-submit elementor-col-100 e-form__buttons\">\n\t\t\t\t\t<button class=\"elementor-button elementor-size-sm\" type=\"submit\">\n\t\t\t\t\t\t<span class=\"elementor-button-content-wrapper\">\n\t\t\t\t\t\t\t\t\t\t\t\t\t\t\t\t\t\t\t\t\t\t<span class=\"elementor-button-text\">Odeslat<\/span>\n\t\t\t\t\t\t\t\t\t\t\t\t\t<\/span>\n\t\t\t\t\t<\/button>\n\t\t\t\t<\/div>\n\t\t\t<\/div>\n\t\t<\/form>\n\t\t\t\t\t\t<\/div>\n\t\t\t\t<\/div>\n\t\t\t\t<\/div>\n\t\t\t\t\t<\/div>\n\t\t\t\t<\/div>\n\t\t\t\t<\/div>\n\t\t","protected":false},"excerpt":{"rendered":"<p>V realizaci Pro informace n\u00e1s kontaktujte gasberohome@gasberohome.cz<\/p>\n","protected":false},"author":1,"featured_media":0,"parent":0,"menu_order":0,"comment_status":"closed","ping_status":"closed","template":"elementor_header_footer","meta":{"_monsterinsights_skip_tracking":false,"_monsterinsights_sitenote_active":false,"_monsterinsights_sitenote_note":"","_monsterinsights_sitenote_category":0,"footnotes":""},"class_list":["post-149","page","type-page","status-publish","hentry"],"yoast_head":"<!-- This site is optimized with the Yoast SEO plugin v26.8 - https:\/\/yoast.com\/product\/yoast-seo-wordpress\/ -->\n<title>V Realizaci - Gasbero home<\/title>\n<meta name=\"robots\" content=\"index, follow, max-snippet:-1, max-image-preview:large, max-video-preview:-1\" \/>\n<link rel=\"canonical\" href=\"https:\/\/www.gasberohome.cz\/?page_id=149\" \/>\n<meta property=\"og:locale\" content=\"cs_CZ\" \/>\n<meta property=\"og:type\" content=\"article\" \/>\n<meta property=\"og:title\" content=\"V Realizaci - Gasbero home\" \/>\n<meta property=\"og:description\" content=\"V realizaci Pro informace n\u00e1s kontaktujte gasberohome@gasberohome.cz\" \/>\n<meta property=\"og:url\" content=\"https:\/\/www.gasberohome.cz\/?page_id=149\" \/>\n<meta property=\"og:site_name\" content=\"Gasbero home\" \/>\n<meta property=\"article:modified_time\" content=\"2026-01-28T16:49:14+00:00\" \/>\n<meta name=\"twitter:card\" content=\"summary_large_image\" \/>\n<meta name=\"twitter:label1\" content=\"Odhadovan\u00e1 doba \u010dten\u00ed\" \/>\n\t<meta name=\"twitter:data1\" content=\"3 minuty\" \/>\n<script type=\"application\/ld+json\" class=\"yoast-schema-graph\">{\"@context\":\"https:\/\/schema.org\",\"@graph\":[{\"@type\":\"WebPage\",\"@id\":\"https:\/\/www.gasberohome.cz\/?page_id=149\",\"url\":\"https:\/\/www.gasberohome.cz\/?page_id=149\",\"name\":\"V Realizaci - Gasbero home\",\"isPartOf\":{\"@id\":\"https:\/\/www.gasberohome.cz\/#website\"},\"primaryImageOfPage\":{\"@id\":\"https:\/\/www.gasberohome.cz\/?page_id=149#primaryimage\"},\"image\":{\"@id\":\"https:\/\/www.gasberohome.cz\/?page_id=149#primaryimage\"},\"thumbnailUrl\":\"https:\/\/www.gasberohome.cz\/wp-content\/uploads\/2024\/05\/logo.svg\",\"datePublished\":\"2024-05-30T07:48:31+00:00\",\"dateModified\":\"2026-01-28T16:49:14+00:00\",\"breadcrumb\":{\"@id\":\"https:\/\/www.gasberohome.cz\/?page_id=149#breadcrumb\"},\"inLanguage\":\"cs\",\"potentialAction\":[{\"@type\":\"ReadAction\",\"target\":[\"https:\/\/www.gasberohome.cz\/?page_id=149\"]}]},{\"@type\":\"ImageObject\",\"inLanguage\":\"cs\",\"@id\":\"https:\/\/www.gasberohome.cz\/?page_id=149#primaryimage\",\"url\":\"https:\/\/www.gasberohome.cz\/wp-content\/uploads\/2024\/05\/logo.svg\",\"contentUrl\":\"https:\/\/www.gasberohome.cz\/wp-content\/uploads\/2024\/05\/logo.svg\",\"width\":248,\"height\":88},{\"@type\":\"BreadcrumbList\",\"@id\":\"https:\/\/www.gasberohome.cz\/?page_id=149#breadcrumb\",\"itemListElement\":[{\"@type\":\"ListItem\",\"position\":1,\"name\":\"Home\",\"item\":\"https:\/\/www.gasberohome.cz\/\"},{\"@type\":\"ListItem\",\"position\":2,\"name\":\"V Realizaci\"}]},{\"@type\":\"WebSite\",\"@id\":\"https:\/\/www.gasberohome.cz\/#website\",\"url\":\"https:\/\/www.gasberohome.cz\/\",\"name\":\"Gasbero home\",\"description\":\"\",\"publisher\":{\"@id\":\"https:\/\/www.gasberohome.cz\/#organization\"},\"potentialAction\":[{\"@type\":\"SearchAction\",\"target\":{\"@type\":\"EntryPoint\",\"urlTemplate\":\"https:\/\/www.gasberohome.cz\/?s={search_term_string}\"},\"query-input\":{\"@type\":\"PropertyValueSpecification\",\"valueRequired\":true,\"valueName\":\"search_term_string\"}}],\"inLanguage\":\"cs\"},{\"@type\":\"Organization\",\"@id\":\"https:\/\/www.gasberohome.cz\/#organization\",\"name\":\"Gasbero home\",\"url\":\"https:\/\/www.gasberohome.cz\/\",\"logo\":{\"@type\":\"ImageObject\",\"inLanguage\":\"cs\",\"@id\":\"https:\/\/www.gasberohome.cz\/#\/schema\/logo\/image\/\",\"url\":\"https:\/\/www.gasberohome.cz\/wp-content\/uploads\/2024\/05\/logo.svg\",\"contentUrl\":\"https:\/\/www.gasberohome.cz\/wp-content\/uploads\/2024\/05\/logo.svg\",\"width\":248,\"height\":88,\"caption\":\"Gasbero home\"},\"image\":{\"@id\":\"https:\/\/www.gasberohome.cz\/#\/schema\/logo\/image\/\"}}]}<\/script>\n<!-- \/ Yoast SEO plugin. -->","yoast_head_json":{"title":"V Realizaci - Gasbero home","robots":{"index":"index","follow":"follow","max-snippet":"max-snippet:-1","max-image-preview":"max-image-preview:large","max-video-preview":"max-video-preview:-1"},"canonical":"https:\/\/www.gasberohome.cz\/?page_id=149","og_locale":"cs_CZ","og_type":"article","og_title":"V Realizaci - Gasbero home","og_description":"V realizaci Pro informace n\u00e1s kontaktujte gasberohome@gasberohome.cz","og_url":"https:\/\/www.gasberohome.cz\/?page_id=149","og_site_name":"Gasbero home","article_modified_time":"2026-01-28T16:49:14+00:00","twitter_card":"summary_large_image","twitter_misc":{"Odhadovan\u00e1 doba \u010dten\u00ed":"3 minuty"},"schema":{"@context":"https:\/\/schema.org","@graph":[{"@type":"WebPage","@id":"https:\/\/www.gasberohome.cz\/?page_id=149","url":"https:\/\/www.gasberohome.cz\/?page_id=149","name":"V Realizaci - Gasbero home","isPartOf":{"@id":"https:\/\/www.gasberohome.cz\/#website"},"primaryImageOfPage":{"@id":"https:\/\/www.gasberohome.cz\/?page_id=149#primaryimage"},"image":{"@id":"https:\/\/www.gasberohome.cz\/?page_id=149#primaryimage"},"thumbnailUrl":"https:\/\/www.gasberohome.cz\/wp-content\/uploads\/2024\/05\/logo.svg","datePublished":"2024-05-30T07:48:31+00:00","dateModified":"2026-01-28T16:49:14+00:00","breadcrumb":{"@id":"https:\/\/www.gasberohome.cz\/?page_id=149#breadcrumb"},"inLanguage":"cs","potentialAction":[{"@type":"ReadAction","target":["https:\/\/www.gasberohome.cz\/?page_id=149"]}]},{"@type":"ImageObject","inLanguage":"cs","@id":"https:\/\/www.gasberohome.cz\/?page_id=149#primaryimage","url":"https:\/\/www.gasberohome.cz\/wp-content\/uploads\/2024\/05\/logo.svg","contentUrl":"https:\/\/www.gasberohome.cz\/wp-content\/uploads\/2024\/05\/logo.svg","width":248,"height":88},{"@type":"BreadcrumbList","@id":"https:\/\/www.gasberohome.cz\/?page_id=149#breadcrumb","itemListElement":[{"@type":"ListItem","position":1,"name":"Home","item":"https:\/\/www.gasberohome.cz\/"},{"@type":"ListItem","position":2,"name":"V Realizaci"}]},{"@type":"WebSite","@id":"https:\/\/www.gasberohome.cz\/#website","url":"https:\/\/www.gasberohome.cz\/","name":"Gasbero home","description":"","publisher":{"@id":"https:\/\/www.gasberohome.cz\/#organization"},"potentialAction":[{"@type":"SearchAction","target":{"@type":"EntryPoint","urlTemplate":"https:\/\/www.gasberohome.cz\/?s={search_term_string}"},"query-input":{"@type":"PropertyValueSpecification","valueRequired":true,"valueName":"search_term_string"}}],"inLanguage":"cs"},{"@type":"Organization","@id":"https:\/\/www.gasberohome.cz\/#organization","name":"Gasbero home","url":"https:\/\/www.gasberohome.cz\/","logo":{"@type":"ImageObject","inLanguage":"cs","@id":"https:\/\/www.gasberohome.cz\/#\/schema\/logo\/image\/","url":"https:\/\/www.gasberohome.cz\/wp-content\/uploads\/2024\/05\/logo.svg","contentUrl":"https:\/\/www.gasberohome.cz\/wp-content\/uploads\/2024\/05\/logo.svg","width":248,"height":88,"caption":"Gasbero home"},"image":{"@id":"https:\/\/www.gasberohome.cz\/#\/schema\/logo\/image\/"}}]}},"_links":{"self":[{"href":"https:\/\/www.gasberohome.cz\/index.php?rest_route=\/wp\/v2\/pages\/149","targetHints":{"allow":["GET"]}}],"collection":[{"href":"https:\/\/www.gasberohome.cz\/index.php?rest_route=\/wp\/v2\/pages"}],"about":[{"href":"https:\/\/www.gasberohome.cz\/index.php?rest_route=\/wp\/v2\/types\/page"}],"author":[{"embeddable":true,"href":"https:\/\/www.gasberohome.cz\/index.php?rest_route=\/wp\/v2\/users\/1"}],"replies":[{"embeddable":true,"href":"https:\/\/www.gasberohome.cz\/index.php?rest_route=%2Fwp%2Fv2%2Fcomments&post=149"}],"version-history":[{"count":6,"href":"https:\/\/www.gasberohome.cz\/index.php?rest_route=\/wp\/v2\/pages\/149\/revisions"}],"predecessor-version":[{"id":513,"href":"https:\/\/www.gasberohome.cz\/index.php?rest_route=\/wp\/v2\/pages\/149\/revisions\/513"}],"wp:attachment":[{"href":"https:\/\/www.gasberohome.cz\/index.php?rest_route=%2Fwp%2Fv2%2Fmedia&parent=149"}],"curies":[{"name":"wp","href":"https:\/\/api.w.org\/{rel}","templated":true}]}}