{"id":7,"date":"2024-05-30T00:39:41","date_gmt":"2024-05-29T22:39:41","guid":{"rendered":"https:\/\/www.gasberohome.cz\/?page_id=7"},"modified":"2024-06-25T12:44:01","modified_gmt":"2024-06-25T10:44:01","slug":"domu","status":"publish","type":"page","link":"https:\/\/www.gasberohome.cz\/","title":{"rendered":"Dom\u016f"},"content":{"rendered":"\t\t<div data-elementor-type=\"wp-page\" data-elementor-id=\"7\" class=\"elementor elementor-7\" data-elementor-post-type=\"page\">\n\t\t\t\t<div class=\"elementor-element elementor-element-7565361 e-con-full e-flex e-con e-parent\" data-id=\"7565361\" data-element_type=\"container\" data-settings=\"{&quot;background_background&quot;:&quot;classic&quot;}\">\n\t\t<div class=\"elementor-element elementor-element-9ff2392 e-con-full elementor-hidden-tablet elementor-hidden-mobile e-flex e-con e-child\" data-id=\"9ff2392\" data-element_type=\"container\">\n\t\t<div class=\"elementor-element elementor-element-abd8ee1 e-con-full e-flex e-con e-child\" data-id=\"abd8ee1\" data-element_type=\"container\">\n\t\t\t\t<div class=\"elementor-element elementor-element-7994c1b elementor-widget elementor-widget-image\" data-id=\"7994c1b\" data-element_type=\"widget\" data-widget_type=\"image.default\">\n\t\t\t\t<div class=\"elementor-widget-container\">\n\t\t\t\t\t\t\t\t\t\t\t\t\t\t\t<img decoding=\"async\" width=\"248\" height=\"88\" src=\"https:\/\/www.gasberohome.cz\/wp-content\/uploads\/2024\/05\/logo.svg\" class=\"attachment-large size-large wp-image-14\" alt=\"\" \/>\t\t\t\t\t\t\t\t\t\t\t\t\t\t\t<\/div>\n\t\t\t\t<\/div>\n\t\t\t\t<\/div>\n\t\t\t\t<\/div>\n\t\t\t\t<\/div>\n\t\t<div class=\"elementor-element elementor-element-34b8609 e-flex e-con-boxed e-con e-parent\" data-id=\"34b8609\" data-element_type=\"container\" data-settings=\"{&quot;background_background&quot;:&quot;classic&quot;}\">\n\t\t\t\t\t<div class=\"e-con-inner\">\n\t\t<div class=\"elementor-element elementor-element-94e5280 e-flex e-con-boxed e-con e-child\" data-id=\"94e5280\" data-element_type=\"container\" data-settings=\"{&quot;background_background&quot;:&quot;classic&quot;}\">\n\t\t\t\t\t<div class=\"e-con-inner\">\n\t\t\t\t<div class=\"elementor-element elementor-element-88a708a elementor-widget elementor-widget-text-editor\" data-id=\"88a708a\" data-element_type=\"widget\" data-widget_type=\"text-editor.default\">\n\t\t\t\t<div class=\"elementor-widget-container\">\n\t\t\t\t\t\t\t\t\t<p><strong>Na\u0161i spole\u010dnost Gasbero Home jsme zalo\u017eili s jedin\u00fdm c\u00edlem, a to v\u011bnovat se nemovitostem a jejich zhodnocen\u00ed.\u00a0<\/strong><br \/><br \/><strong>C\u00edlem t\u00e9to spole\u010dnosti je bezpe\u010dn\u011b zhodnocovat vlastn\u00ed investi\u010dn\u00ed prost\u0159edky.<\/strong><br \/><br \/>P\u0159\u00edjem generujeme jak z pron\u00e1jmu vlastn\u00edch budov, tak jejich n\u00e1kupem s n\u00e1sledn\u00fdm prodejem.<br \/>D\u00e1le prod\u00e1v\u00e1me projekty s pravomocn\u00fdm SP pro n\u00e1slednou v\u00fdstavbu \u010di rekonstrukci.<br \/>M\u00e1me tak\u00e9 strategick\u00e9ho investi\u010dn\u00edho partnera a to partnerskou spole\u010dnost Gasbero spol, s r.o.<\/p>\t\t\t\t\t\t\t\t<\/div>\n\t\t\t\t<\/div>\n\t\t\t\t\t<\/div>\n\t\t\t\t<\/div>\n\t\t\t\t\t<\/div>\n\t\t\t\t<\/div>\n\t\t<div class=\"elementor-element elementor-element-93673c1 e-flex e-con-boxed e-con e-parent\" data-id=\"93673c1\" data-element_type=\"container\">\n\t\t\t\t\t<div class=\"e-con-inner\">\n\t\t<div class=\"elementor-element elementor-element-516bd27 e-grid e-con-boxed e-con e-child\" data-id=\"516bd27\" data-element_type=\"container\">\n\t\t\t\t\t<div class=\"e-con-inner\">\n\t\t\t\t<div class=\"elementor-element elementor-element-c1268dd elementor-widget elementor-widget-counter\" data-id=\"c1268dd\" data-element_type=\"widget\" data-widget_type=\"counter.default\">\n\t\t\t\t<div class=\"elementor-widget-container\">\n\t\t\t\t\t\t\t<div class=\"elementor-counter\">\n\t\t\t<div class=\"elementor-counter-title\">V\u00edce jak 20 dokon\u010den\u00fdch projekt\u016f<\/div>\t\t\t<div class=\"elementor-counter-number-wrapper\">\n\t\t\t\t<span class=\"elementor-counter-number-prefix\"><\/span>\n\t\t\t\t<span class=\"elementor-counter-number\" data-duration=\"2000\" data-to-value=\"20\" data-from-value=\"0\" data-delimiter=\",\">0<\/span>\n\t\t\t\t<span class=\"elementor-counter-number-suffix\"><\/span>\n\t\t\t<\/div>\n\t\t<\/div>\n\t\t\t\t\t\t<\/div>\n\t\t\t\t<\/div>\n\t\t\t\t<div class=\"elementor-element elementor-element-2ee1e62 elementor-widget elementor-widget-counter\" data-id=\"2ee1e62\" data-element_type=\"widget\" data-widget_type=\"counter.default\">\n\t\t\t\t<div class=\"elementor-widget-container\">\n\t\t\t\t\t\t\t<div class=\"elementor-counter\">\n\t\t\t<div class=\"elementor-counter-title\">V\u00edce jak 1000 m2 k pron\u00e1jmu<\/div>\t\t\t<div class=\"elementor-counter-number-wrapper\">\n\t\t\t\t<span class=\"elementor-counter-number-prefix\"><\/span>\n\t\t\t\t<span class=\"elementor-counter-number\" data-duration=\"2000\" data-to-value=\"1000\" data-from-value=\"0\">0<\/span>\n\t\t\t\t<span class=\"elementor-counter-number-suffix\"><\/span>\n\t\t\t<\/div>\n\t\t<\/div>\n\t\t\t\t\t\t<\/div>\n\t\t\t\t<\/div>\n\t\t\t\t<div class=\"elementor-element elementor-element-2d5058e elementor-widget elementor-widget-counter\" data-id=\"2d5058e\" data-element_type=\"widget\" data-widget_type=\"counter.default\">\n\t\t\t\t<div class=\"elementor-widget-container\">\n\t\t\t\t\t\t\t<div class=\"elementor-counter\">\n\t\t\t<div class=\"elementor-counter-title\">V\u00edce jak 5 let zku\u0161enost\u00ed<\/div>\t\t\t<div class=\"elementor-counter-number-wrapper\">\n\t\t\t\t<span class=\"elementor-counter-number-prefix\"><\/span>\n\t\t\t\t<span class=\"elementor-counter-number\" data-duration=\"2800\" data-to-value=\"5\" data-from-value=\"0\">0<\/span>\n\t\t\t\t<span class=\"elementor-counter-number-suffix\"><\/span>\n\t\t\t<\/div>\n\t\t<\/div>\n\t\t\t\t\t\t<\/div>\n\t\t\t\t<\/div>\n\t\t\t\t\t<\/div>\n\t\t\t\t<\/div>\n\t\t\t\t\t<\/div>\n\t\t\t\t<\/div>\n\t\t<div class=\"elementor-element elementor-element-d937a3e e-flex e-con-boxed e-con e-parent\" data-id=\"d937a3e\" data-element_type=\"container\" data-settings=\"{&quot;background_background&quot;:&quot;classic&quot;}\">\n\t\t\t\t\t<div class=\"e-con-inner\">\n\t\t<div class=\"elementor-element elementor-element-2c0b6e6 e-grid e-con-boxed e-con e-child\" data-id=\"2c0b6e6\" data-element_type=\"container\">\n\t\t\t\t\t<div class=\"e-con-inner\">\n\t\t<a class=\"elementor-element elementor-element-bb72ec5 e-flex e-con-boxed e-con e-child\" data-id=\"bb72ec5\" data-element_type=\"container\" data-settings=\"{&quot;background_background&quot;:&quot;classic&quot;}\" href=\"https:\/\/www.gasberohome.cz\/?page_id=141\">\n\t\t\t\t\t<div class=\"e-con-inner\">\n\t\t\t\t<div class=\"elementor-element elementor-element-83cd443 elementor-widget elementor-widget-image\" data-id=\"83cd443\" data-element_type=\"widget\" data-widget_type=\"image.default\">\n\t\t\t\t<div class=\"elementor-widget-container\">\n\t\t\t\t\t\t\t\t\t\t\t\t\t\t\t<img fetchpriority=\"high\" decoding=\"async\" width=\"800\" height=\"800\" src=\"https:\/\/www.gasberohome.cz\/wp-content\/uploads\/2024\/05\/realizovane.jpg\" class=\"attachment-large size-large wp-image-28\" alt=\"\" srcset=\"https:\/\/www.gasberohome.cz\/wp-content\/uploads\/2024\/05\/realizovane.jpg 1000w, https:\/\/www.gasberohome.cz\/wp-content\/uploads\/2024\/05\/realizovane-300x300.jpg 300w, https:\/\/www.gasberohome.cz\/wp-content\/uploads\/2024\/05\/realizovane-150x150.jpg 150w, https:\/\/www.gasberohome.cz\/wp-content\/uploads\/2024\/05\/realizovane-768x768.jpg 768w\" sizes=\"(max-width: 800px) 100vw, 800px\" \/>\t\t\t\t\t\t\t\t\t\t\t\t\t\t\t<\/div>\n\t\t\t\t<\/div>\n\t\t\t\t<div class=\"elementor-element elementor-element-170b4cf elementor-widget elementor-widget-heading\" data-id=\"170b4cf\" data-element_type=\"widget\" data-widget_type=\"heading.default\">\n\t\t\t\t<div class=\"elementor-widget-container\">\n\t\t\t\t\t<h2 class=\"elementor-heading-title elementor-size-default\">Realizovan\u00e9 <\/h2>\t\t\t\t<\/div>\n\t\t\t\t<\/div>\n\t\t\t\t\t<\/div>\n\t\t\t\t<\/a>\n\t\t<a class=\"elementor-element elementor-element-f4f5040 e-flex e-con-boxed e-con e-child\" data-id=\"f4f5040\" data-element_type=\"container\" data-settings=\"{&quot;background_background&quot;:&quot;classic&quot;}\" href=\"https:\/\/www.gasberohome.cz\/?page_id=149\">\n\t\t\t\t\t<div class=\"e-con-inner\">\n\t\t\t\t<div class=\"elementor-element elementor-element-591ac39 elementor-widget elementor-widget-image\" data-id=\"591ac39\" data-element_type=\"widget\" data-widget_type=\"image.default\">\n\t\t\t\t<div class=\"elementor-widget-container\">\n\t\t\t\t\t\t\t\t\t\t\t\t\t\t\t<img decoding=\"async\" width=\"800\" height=\"800\" src=\"https:\/\/www.gasberohome.cz\/wp-content\/uploads\/2024\/05\/v_realizaci-1024x1024.jpg\" class=\"attachment-large size-large wp-image-29\" alt=\"\" srcset=\"https:\/\/www.gasberohome.cz\/wp-content\/uploads\/2024\/05\/v_realizaci-1024x1024.jpg 1024w, https:\/\/www.gasberohome.cz\/wp-content\/uploads\/2024\/05\/v_realizaci-300x300.jpg 300w, https:\/\/www.gasberohome.cz\/wp-content\/uploads\/2024\/05\/v_realizaci-150x150.jpg 150w, https:\/\/www.gasberohome.cz\/wp-content\/uploads\/2024\/05\/v_realizaci-768x768.jpg 768w, https:\/\/www.gasberohome.cz\/wp-content\/uploads\/2024\/05\/v_realizaci.jpg 1131w\" sizes=\"(max-width: 800px) 100vw, 800px\" \/>\t\t\t\t\t\t\t\t\t\t\t\t\t\t\t<\/div>\n\t\t\t\t<\/div>\n\t\t\t\t<div class=\"elementor-element elementor-element-516bdff elementor-widget elementor-widget-heading\" data-id=\"516bdff\" data-element_type=\"widget\" data-widget_type=\"heading.default\">\n\t\t\t\t<div class=\"elementor-widget-container\">\n\t\t\t\t\t<h2 class=\"elementor-heading-title elementor-size-default\">V realizaci<\/h2>\t\t\t\t<\/div>\n\t\t\t\t<\/div>\n\t\t\t\t\t<\/div>\n\t\t\t\t<\/a>\n\t\t<a class=\"elementor-element elementor-element-cc3b9db e-flex e-con-boxed e-con e-child\" data-id=\"cc3b9db\" data-element_type=\"container\" data-settings=\"{&quot;background_background&quot;:&quot;classic&quot;}\" href=\"https:\/\/www.gasberohome.cz\/?page_id=155\">\n\t\t\t\t\t<div class=\"e-con-inner\">\n\t\t\t\t<div class=\"elementor-element elementor-element-8b51109 elementor-widget elementor-widget-image\" data-id=\"8b51109\" data-element_type=\"widget\" data-widget_type=\"image.default\">\n\t\t\t\t<div class=\"elementor-widget-container\">\n\t\t\t\t\t\t\t\t\t\t\t\t\t\t\t<img loading=\"lazy\" decoding=\"async\" width=\"768\" height=\"768\" src=\"https:\/\/www.gasberohome.cz\/wp-content\/uploads\/2024\/05\/pronajem.jpg\" class=\"attachment-large size-large wp-image-30\" alt=\"\" srcset=\"https:\/\/www.gasberohome.cz\/wp-content\/uploads\/2024\/05\/pronajem.jpg 768w, https:\/\/www.gasberohome.cz\/wp-content\/uploads\/2024\/05\/pronajem-300x300.jpg 300w, https:\/\/www.gasberohome.cz\/wp-content\/uploads\/2024\/05\/pronajem-150x150.jpg 150w\" sizes=\"(max-width: 768px) 100vw, 768px\" \/>\t\t\t\t\t\t\t\t\t\t\t\t\t\t\t<\/div>\n\t\t\t\t<\/div>\n\t\t\t\t<div class=\"elementor-element elementor-element-1bacdcb elementor-widget elementor-widget-heading\" data-id=\"1bacdcb\" data-element_type=\"widget\" data-widget_type=\"heading.default\">\n\t\t\t\t<div class=\"elementor-widget-container\">\n\t\t\t\t\t<h2 class=\"elementor-heading-title elementor-size-default\">Pron\u00e1jem<\/h2>\t\t\t\t<\/div>\n\t\t\t\t<\/div>\n\t\t\t\t\t<\/div>\n\t\t\t\t<\/a>\n\t\t\t\t\t<\/div>\n\t\t\t\t<\/div>\n\t\t\t\t\t<\/div>\n\t\t\t\t<\/div>\n\t\t<div class=\"elementor-element elementor-element-99cf601 e-flex e-con-boxed e-con e-parent\" data-id=\"99cf601\" data-element_type=\"container\">\n\t\t\t\t\t<div class=\"e-con-inner\">\n\t\t\t\t<div class=\"elementor-element elementor-element-4c0ed5a elementor-widget elementor-widget-global elementor-global-180 elementor-widget-heading\" data-id=\"4c0ed5a\" data-element_type=\"widget\" data-widget_type=\"heading.default\">\n\t\t\t\t<div class=\"elementor-widget-container\">\n\t\t\t\t\t<h2 class=\"elementor-heading-title elementor-size-default\">Pro informace n\u00e1s kontaktujte<\/h2>\t\t\t\t<\/div>\n\t\t\t\t<\/div>\n\t\t\t\t\t<\/div>\n\t\t\t\t<\/div>\n\t\t<div class=\"elementor-element elementor-element-d5a2157 e-flex e-con-boxed e-con e-parent\" data-id=\"d5a2157\" data-element_type=\"container\">\n\t\t\t\t\t<div class=\"e-con-inner\">\n\t\t<div class=\"elementor-element elementor-element-b841104 e-con-full e-flex e-con e-child\" data-id=\"b841104\" data-element_type=\"container\">\n\t\t\t\t<div class=\"elementor-element elementor-element-6f1b356 elementor-widget elementor-widget-image\" data-id=\"6f1b356\" data-element_type=\"widget\" data-widget_type=\"image.default\">\n\t\t\t\t<div class=\"elementor-widget-container\">\n\t\t\t\t\t\t\t\t\t\t\t\t\t\t\t<img decoding=\"async\" width=\"248\" height=\"88\" src=\"https:\/\/www.gasberohome.cz\/wp-content\/uploads\/2024\/05\/logo.svg\" class=\"attachment-large size-large wp-image-14\" alt=\"\" \/>\t\t\t\t\t\t\t\t\t\t\t\t\t\t\t<\/div>\n\t\t\t\t<\/div>\n\t\t\t\t<div class=\"elementor-element elementor-element-a4f277c elementor-widget elementor-widget-text-editor\" data-id=\"a4f277c\" data-element_type=\"widget\" data-widget_type=\"text-editor.default\">\n\t\t\t\t<div class=\"elementor-widget-container\">\n\t\t\t\t\t\t\t\t\t<p class=\"p1\">gasberohome@gasberohome.cz<\/p>\t\t\t\t\t\t\t\t<\/div>\n\t\t\t\t<\/div>\n\t\t\t\t<\/div>\n\t\t<div class=\"elementor-element elementor-element-c2afc55 e-con-full e-flex e-con e-child\" data-id=\"c2afc55\" data-element_type=\"container\">\n\t\t\t\t<div class=\"elementor-element elementor-element-505a576 elementor-button-align-stretch elementor-widget elementor-widget-global elementor-global-92 elementor-widget-form\" data-id=\"505a576\" data-element_type=\"widget\" data-settings=\"{&quot;step_next_label&quot;:&quot;Next&quot;,&quot;step_previous_label&quot;:&quot;Previous&quot;,&quot;button_width&quot;:&quot;100&quot;,&quot;step_type&quot;:&quot;number_text&quot;,&quot;step_icon_shape&quot;:&quot;circle&quot;}\" data-widget_type=\"form.default\">\n\t\t\t\t<div class=\"elementor-widget-container\">\n\t\t\t\t\t\t\t<form class=\"elementor-form\" method=\"post\" name=\"New Form\">\n\t\t\t<input type=\"hidden\" name=\"post_id\" value=\"7\"\/>\n\t\t\t<input type=\"hidden\" name=\"form_id\" value=\"505a576\"\/>\n\t\t\t<input type=\"hidden\" name=\"referer_title\" value=\"Gasbero home\" \/>\n\n\t\t\t\n\t\t\t<div class=\"elementor-form-fields-wrapper elementor-labels-above\">\n\t\t\t\t\t\t\t\t<div class=\"elementor-field-type-text elementor-field-group elementor-column elementor-field-group-name elementor-col-100\">\n\t\t\t\t\t\t\t\t\t\t\t\t<label for=\"form-field-name\" class=\"elementor-field-label\">\n\t\t\t\t\t\t\t\tJm\u00e9no\t\t\t\t\t\t\t<\/label>\n\t\t\t\t\t\t\t\t\t\t\t\t\t\t<input size=\"1\" type=\"text\" name=\"form_fields[name]\" id=\"form-field-name\" class=\"elementor-field elementor-size-sm  elementor-field-textual\">\n\t\t\t\t\t\t\t\t\t\t\t<\/div>\n\t\t\t\t\t\t\t\t<div class=\"elementor-field-type-text elementor-field-group elementor-column elementor-field-group-email elementor-col-100\">\n\t\t\t\t\t\t\t\t\t\t\t\t<label for=\"form-field-email\" class=\"elementor-field-label\">\n\t\t\t\t\t\t\t\tSpole\u010dnost\t\t\t\t\t\t\t<\/label>\n\t\t\t\t\t\t\t\t\t\t\t\t\t\t<input size=\"1\" type=\"text\" name=\"form_fields[email]\" id=\"form-field-email\" class=\"elementor-field elementor-size-sm  elementor-field-textual\">\n\t\t\t\t\t\t\t\t\t\t\t<\/div>\n\t\t\t\t\t\t\t\t<div class=\"elementor-field-type-email elementor-field-group elementor-column elementor-field-group-field_7aeb135 elementor-col-100 elementor-field-required\">\n\t\t\t\t\t\t\t\t\t\t\t\t<label for=\"form-field-field_7aeb135\" class=\"elementor-field-label\">\n\t\t\t\t\t\t\t\tEmail\t\t\t\t\t\t\t<\/label>\n\t\t\t\t\t\t\t\t\t\t\t\t\t\t<input size=\"1\" type=\"email\" name=\"form_fields[field_7aeb135]\" id=\"form-field-field_7aeb135\" class=\"elementor-field elementor-size-sm  elementor-field-textual\" required=\"required\">\n\t\t\t\t\t\t\t\t\t\t\t<\/div>\n\t\t\t\t\t\t\t\t<div class=\"elementor-field-type-textarea elementor-field-group elementor-column elementor-field-group-message elementor-col-100\">\n\t\t\t\t\t\t\t\t\t\t\t\t<label for=\"form-field-message\" class=\"elementor-field-label\">\n\t\t\t\t\t\t\t\tZpr\u00e1va\t\t\t\t\t\t\t<\/label>\n\t\t\t\t\t\t<textarea class=\"elementor-field-textual elementor-field  elementor-size-sm\" name=\"form_fields[message]\" id=\"form-field-message\" rows=\"4\"><\/textarea>\t\t\t\t<\/div>\n\t\t\t\t\t\t\t\t<div class=\"elementor-field-group elementor-column elementor-field-type-submit elementor-col-100 e-form__buttons\">\n\t\t\t\t\t<button class=\"elementor-button elementor-size-sm\" type=\"submit\">\n\t\t\t\t\t\t<span class=\"elementor-button-content-wrapper\">\n\t\t\t\t\t\t\t\t\t\t\t\t\t\t\t\t\t\t\t\t\t\t<span class=\"elementor-button-text\">Odeslat<\/span>\n\t\t\t\t\t\t\t\t\t\t\t\t\t<\/span>\n\t\t\t\t\t<\/button>\n\t\t\t\t<\/div>\n\t\t\t<\/div>\n\t\t<\/form>\n\t\t\t\t\t\t<\/div>\n\t\t\t\t<\/div>\n\t\t\t\t<\/div>\n\t\t\t\t\t<\/div>\n\t\t\t\t<\/div>\n\t\t\t\t<\/div>\n\t\t","protected":false},"excerpt":{"rendered":"<p>Na\u0161i spole\u010dnost Gasbero Home jsme zalo\u017eili s jedin\u00fdm c\u00edlem, a to v\u011bnovat se nemovitostem a jejich zhodnocen\u00ed.\u00a0 C\u00edlem t\u00e9to spole\u010dnosti je bezpe\u010dn\u011b zhodnocovat vlastn\u00ed investi\u010dn\u00ed prost\u0159edky. P\u0159\u00edjem generujeme jak z pron\u00e1jmu vlastn\u00edch budov, tak jejich n\u00e1kupem s n\u00e1sledn\u00fdm prodejem.D\u00e1le prod\u00e1v\u00e1me projekty s pravomocn\u00fdm SP pro n\u00e1slednou v\u00fdstavbu \u010di rekonstrukci.M\u00e1me tak\u00e9 strategick\u00e9ho investi\u010dn\u00edho partnera a to [&hellip;]<\/p>\n","protected":false},"author":1,"featured_media":0,"parent":0,"menu_order":0,"comment_status":"closed","ping_status":"closed","template":"elementor_header_footer","meta":{"_monsterinsights_skip_tracking":false,"_monsterinsights_sitenote_active":false,"_monsterinsights_sitenote_note":"","_monsterinsights_sitenote_category":0,"footnotes":""},"class_list":["post-7","page","type-page","status-publish","hentry"],"yoast_head":"<!-- This site is optimized with the Yoast SEO plugin v26.8 - https:\/\/yoast.com\/product\/yoast-seo-wordpress\/ -->\n<title>Dom\u016f - Gasbero home<\/title>\n<meta name=\"robots\" content=\"index, follow, max-snippet:-1, max-image-preview:large, max-video-preview:-1\" \/>\n<link rel=\"canonical\" href=\"https:\/\/www.gasberohome.cz\/\" \/>\n<meta property=\"og:locale\" content=\"cs_CZ\" \/>\n<meta property=\"og:type\" content=\"article\" \/>\n<meta property=\"og:title\" content=\"Dom\u016f - Gasbero home\" \/>\n<meta property=\"og:description\" content=\"Na\u0161i spole\u010dnost Gasbero Home jsme zalo\u017eili s jedin\u00fdm c\u00edlem, a to v\u011bnovat se nemovitostem a jejich zhodnocen\u00ed.\u00a0 C\u00edlem t\u00e9to spole\u010dnosti je bezpe\u010dn\u011b zhodnocovat vlastn\u00ed investi\u010dn\u00ed prost\u0159edky. P\u0159\u00edjem generujeme jak z pron\u00e1jmu vlastn\u00edch budov, tak jejich n\u00e1kupem s n\u00e1sledn\u00fdm prodejem.D\u00e1le prod\u00e1v\u00e1me projekty s pravomocn\u00fdm SP pro n\u00e1slednou v\u00fdstavbu \u010di rekonstrukci.M\u00e1me tak\u00e9 strategick\u00e9ho investi\u010dn\u00edho partnera a to [&hellip;]\" \/>\n<meta property=\"og:url\" content=\"https:\/\/www.gasberohome.cz\/\" \/>\n<meta property=\"og:site_name\" content=\"Gasbero home\" \/>\n<meta property=\"article:modified_time\" content=\"2024-06-25T10:44:01+00:00\" \/>\n<meta property=\"og:image\" content=\"https:\/\/www.gasberohome.cz\/wp-content\/uploads\/2024\/05\/logo.svg\" \/>\n<meta name=\"twitter:card\" content=\"summary_large_image\" \/>\n<meta name=\"twitter:label1\" content=\"Odhadovan\u00e1 doba \u010dten\u00ed\" \/>\n\t<meta name=\"twitter:data1\" content=\"2 minuty\" \/>\n<script type=\"application\/ld+json\" class=\"yoast-schema-graph\">{\"@context\":\"https:\/\/schema.org\",\"@graph\":[{\"@type\":\"WebPage\",\"@id\":\"https:\/\/www.gasberohome.cz\/\",\"url\":\"https:\/\/www.gasberohome.cz\/\",\"name\":\"Dom\u016f - Gasbero home\",\"isPartOf\":{\"@id\":\"https:\/\/www.gasberohome.cz\/#website\"},\"primaryImageOfPage\":{\"@id\":\"https:\/\/www.gasberohome.cz\/#primaryimage\"},\"image\":{\"@id\":\"https:\/\/www.gasberohome.cz\/#primaryimage\"},\"thumbnailUrl\":\"https:\/\/www.gasberohome.cz\/wp-content\/uploads\/2024\/05\/logo.svg\",\"datePublished\":\"2024-05-29T22:39:41+00:00\",\"dateModified\":\"2024-06-25T10:44:01+00:00\",\"breadcrumb\":{\"@id\":\"https:\/\/www.gasberohome.cz\/#breadcrumb\"},\"inLanguage\":\"cs\",\"potentialAction\":[{\"@type\":\"ReadAction\",\"target\":[\"https:\/\/www.gasberohome.cz\/\"]}]},{\"@type\":\"ImageObject\",\"inLanguage\":\"cs\",\"@id\":\"https:\/\/www.gasberohome.cz\/#primaryimage\",\"url\":\"https:\/\/www.gasberohome.cz\/wp-content\/uploads\/2024\/05\/logo.svg\",\"contentUrl\":\"https:\/\/www.gasberohome.cz\/wp-content\/uploads\/2024\/05\/logo.svg\",\"width\":248,\"height\":88},{\"@type\":\"BreadcrumbList\",\"@id\":\"https:\/\/www.gasberohome.cz\/#breadcrumb\",\"itemListElement\":[{\"@type\":\"ListItem\",\"position\":1,\"name\":\"Home\",\"item\":\"https:\/\/www.gasberohome.cz\/\"},{\"@type\":\"ListItem\",\"position\":2,\"name\":\"Dom\u016f\"}]},{\"@type\":\"WebSite\",\"@id\":\"https:\/\/www.gasberohome.cz\/#website\",\"url\":\"https:\/\/www.gasberohome.cz\/\",\"name\":\"Gasbero home\",\"description\":\"\",\"publisher\":{\"@id\":\"https:\/\/www.gasberohome.cz\/#organization\"},\"potentialAction\":[{\"@type\":\"SearchAction\",\"target\":{\"@type\":\"EntryPoint\",\"urlTemplate\":\"https:\/\/www.gasberohome.cz\/?s={search_term_string}\"},\"query-input\":{\"@type\":\"PropertyValueSpecification\",\"valueRequired\":true,\"valueName\":\"search_term_string\"}}],\"inLanguage\":\"cs\"},{\"@type\":\"Organization\",\"@id\":\"https:\/\/www.gasberohome.cz\/#organization\",\"name\":\"Gasbero home\",\"url\":\"https:\/\/www.gasberohome.cz\/\",\"logo\":{\"@type\":\"ImageObject\",\"inLanguage\":\"cs\",\"@id\":\"https:\/\/www.gasberohome.cz\/#\/schema\/logo\/image\/\",\"url\":\"https:\/\/www.gasberohome.cz\/wp-content\/uploads\/2024\/05\/logo.svg\",\"contentUrl\":\"https:\/\/www.gasberohome.cz\/wp-content\/uploads\/2024\/05\/logo.svg\",\"width\":248,\"height\":88,\"caption\":\"Gasbero home\"},\"image\":{\"@id\":\"https:\/\/www.gasberohome.cz\/#\/schema\/logo\/image\/\"}}]}<\/script>\n<!-- \/ Yoast SEO plugin. -->","yoast_head_json":{"title":"Dom\u016f - Gasbero home","robots":{"index":"index","follow":"follow","max-snippet":"max-snippet:-1","max-image-preview":"max-image-preview:large","max-video-preview":"max-video-preview:-1"},"canonical":"https:\/\/www.gasberohome.cz\/","og_locale":"cs_CZ","og_type":"article","og_title":"Dom\u016f - Gasbero home","og_description":"Na\u0161i spole\u010dnost Gasbero Home jsme zalo\u017eili s jedin\u00fdm c\u00edlem, a to v\u011bnovat se nemovitostem a jejich zhodnocen\u00ed.\u00a0 C\u00edlem t\u00e9to spole\u010dnosti je bezpe\u010dn\u011b zhodnocovat vlastn\u00ed investi\u010dn\u00ed prost\u0159edky. P\u0159\u00edjem generujeme jak z pron\u00e1jmu vlastn\u00edch budov, tak jejich n\u00e1kupem s n\u00e1sledn\u00fdm prodejem.D\u00e1le prod\u00e1v\u00e1me projekty s pravomocn\u00fdm SP pro n\u00e1slednou v\u00fdstavbu \u010di rekonstrukci.M\u00e1me tak\u00e9 strategick\u00e9ho investi\u010dn\u00edho partnera a to [&hellip;]","og_url":"https:\/\/www.gasberohome.cz\/","og_site_name":"Gasbero home","article_modified_time":"2024-06-25T10:44:01+00:00","og_image":[{"url":"https:\/\/www.gasberohome.cz\/wp-content\/uploads\/2024\/05\/logo.svg","type":"","width":"","height":""}],"twitter_card":"summary_large_image","twitter_misc":{"Odhadovan\u00e1 doba \u010dten\u00ed":"2 minuty"},"schema":{"@context":"https:\/\/schema.org","@graph":[{"@type":"WebPage","@id":"https:\/\/www.gasberohome.cz\/","url":"https:\/\/www.gasberohome.cz\/","name":"Dom\u016f - Gasbero home","isPartOf":{"@id":"https:\/\/www.gasberohome.cz\/#website"},"primaryImageOfPage":{"@id":"https:\/\/www.gasberohome.cz\/#primaryimage"},"image":{"@id":"https:\/\/www.gasberohome.cz\/#primaryimage"},"thumbnailUrl":"https:\/\/www.gasberohome.cz\/wp-content\/uploads\/2024\/05\/logo.svg","datePublished":"2024-05-29T22:39:41+00:00","dateModified":"2024-06-25T10:44:01+00:00","breadcrumb":{"@id":"https:\/\/www.gasberohome.cz\/#breadcrumb"},"inLanguage":"cs","potentialAction":[{"@type":"ReadAction","target":["https:\/\/www.gasberohome.cz\/"]}]},{"@type":"ImageObject","inLanguage":"cs","@id":"https:\/\/www.gasberohome.cz\/#primaryimage","url":"https:\/\/www.gasberohome.cz\/wp-content\/uploads\/2024\/05\/logo.svg","contentUrl":"https:\/\/www.gasberohome.cz\/wp-content\/uploads\/2024\/05\/logo.svg","width":248,"height":88},{"@type":"BreadcrumbList","@id":"https:\/\/www.gasberohome.cz\/#breadcrumb","itemListElement":[{"@type":"ListItem","position":1,"name":"Home","item":"https:\/\/www.gasberohome.cz\/"},{"@type":"ListItem","position":2,"name":"Dom\u016f"}]},{"@type":"WebSite","@id":"https:\/\/www.gasberohome.cz\/#website","url":"https:\/\/www.gasberohome.cz\/","name":"Gasbero home","description":"","publisher":{"@id":"https:\/\/www.gasberohome.cz\/#organization"},"potentialAction":[{"@type":"SearchAction","target":{"@type":"EntryPoint","urlTemplate":"https:\/\/www.gasberohome.cz\/?s={search_term_string}"},"query-input":{"@type":"PropertyValueSpecification","valueRequired":true,"valueName":"search_term_string"}}],"inLanguage":"cs"},{"@type":"Organization","@id":"https:\/\/www.gasberohome.cz\/#organization","name":"Gasbero home","url":"https:\/\/www.gasberohome.cz\/","logo":{"@type":"ImageObject","inLanguage":"cs","@id":"https:\/\/www.gasberohome.cz\/#\/schema\/logo\/image\/","url":"https:\/\/www.gasberohome.cz\/wp-content\/uploads\/2024\/05\/logo.svg","contentUrl":"https:\/\/www.gasberohome.cz\/wp-content\/uploads\/2024\/05\/logo.svg","width":248,"height":88,"caption":"Gasbero home"},"image":{"@id":"https:\/\/www.gasberohome.cz\/#\/schema\/logo\/image\/"}}]}},"_links":{"self":[{"href":"https:\/\/www.gasberohome.cz\/index.php?rest_route=\/wp\/v2\/pages\/7","targetHints":{"allow":["GET"]}}],"collection":[{"href":"https:\/\/www.gasberohome.cz\/index.php?rest_route=\/wp\/v2\/pages"}],"about":[{"href":"https:\/\/www.gasberohome.cz\/index.php?rest_route=\/wp\/v2\/types\/page"}],"author":[{"embeddable":true,"href":"https:\/\/www.gasberohome.cz\/index.php?rest_route=\/wp\/v2\/users\/1"}],"replies":[{"embeddable":true,"href":"https:\/\/www.gasberohome.cz\/index.php?rest_route=%2Fwp%2Fv2%2Fcomments&post=7"}],"version-history":[{"count":6,"href":"https:\/\/www.gasberohome.cz\/index.php?rest_route=\/wp\/v2\/pages\/7\/revisions"}],"predecessor-version":[{"id":397,"href":"https:\/\/www.gasberohome.cz\/index.php?rest_route=\/wp\/v2\/pages\/7\/revisions\/397"}],"wp:attachment":[{"href":"https:\/\/www.gasberohome.cz\/index.php?rest_route=%2Fwp%2Fv2%2Fmedia&parent=7"}],"curies":[{"name":"wp","href":"https:\/\/api.w.org\/{rel}","templated":true}]}}